{"id":290,"date":"2023-08-14T16:43:39","date_gmt":"2023-08-14T14:43:39","guid":{"rendered":"http:\/\/highlevelpictures.com\/?page_id=290"},"modified":"2023-08-15T13:42:45","modified_gmt":"2023-08-15T11:42:45","slug":"nataceni","status":"publish","type":"page","link":"http:\/\/highlevelpictures.com\/index.php\/nataceni\/","title":{"rendered":"Nat\u00e1\u010den\u00ed"},"content":{"rendered":"\n<div class=\"wp-block-media-text is-stacked-on-mobile\"><figure class=\"wp-block-media-text__media\"><img loading=\"lazy\" decoding=\"async\" width=\"1024\" height=\"1024\" src=\"http:\/\/highlevelpictures.com\/wp-content\/uploads\/2023\/08\/professional-lighting-equipment-movie-set-with-smoke-air-1024x1024.jpg\" alt=\"\" class=\"wp-image-296 size-full\" srcset=\"http:\/\/highlevelpictures.com\/wp-content\/uploads\/2023\/08\/professional-lighting-equipment-movie-set-with-smoke-air-1024x1024.jpg 1024w, http:\/\/highlevelpictures.com\/wp-content\/uploads\/2023\/08\/professional-lighting-equipment-movie-set-with-smoke-air-300x300.jpg 300w, http:\/\/highlevelpictures.com\/wp-content\/uploads\/2023\/08\/professional-lighting-equipment-movie-set-with-smoke-air-150x150.jpg 150w, http:\/\/highlevelpictures.com\/wp-content\/uploads\/2023\/08\/professional-lighting-equipment-movie-set-with-smoke-air-768x768.jpg 768w, http:\/\/highlevelpictures.com\/wp-content\/uploads\/2023\/08\/professional-lighting-equipment-movie-set-with-smoke-air-100x100.jpg 100w\" sizes=\"auto, (max-width: 706px) 89vw, (max-width: 767px) 82vw, 740px\" \/><\/figure><div class=\"wp-block-media-text__content\">\n<p>M\u00e1me \u0161irokou z\u00e1kladnu kamerov\u00e9, osv\u011btlovac\u00ed, zvukov\u00e9 i gripov\u00e9 techniky. Vlastn\u00edmi zdroji jsme schopni pokr\u00fdt v\u011bt\u0161inu po\u017eadavk\u016f na b\u011b\u017en\u00e9 nat\u00e1\u010dec\u00ed set upy, a\u0165 u\u017e televizn\u00ed, online nebo filmov\u00e9. Vlastn\u00edme n\u011bkolik filmov\u00fdch kamer Blackmagic (4,6K a 4K) a televizn\u00ed Broadcast kamery Panasonic (HD, 4K).<\/p>\n<\/div><\/div>\n\n\n\n<div class=\"wp-block-buttons is-content-justification-right is-layout-flex wp-container-core-buttons-is-layout-765c4724 wp-block-buttons-is-layout-flex\">\n<div class=\"wp-block-button\"><a class=\"wp-block-button__link wp-element-button\" href=\"http:\/\/highlevelpictures.com\/index.php\/kontakty\/\">Kontaktujte n\u00e1s<\/a><\/div>\n<\/div>\n","protected":false},"excerpt":{"rendered":"<p>M\u00e1me \u0161irokou z\u00e1kladnu kamerov\u00e9, osv\u011btlovac\u00ed, zvukov\u00e9 i gripov\u00e9 techniky. Vlastn\u00edmi zdroji jsme schopni pokr\u00fdt v\u011bt\u0161inu po\u017eadavk\u016f na b\u011b\u017en\u00e9 nat\u00e1\u010dec\u00ed set upy, a\u0165 u\u017e televizn\u00ed, online nebo filmov\u00e9. Vlastn\u00edme n\u011bkolik filmov\u00fdch kamer Blackmagic (4,6K a 4K) a televizn\u00ed Broadcast kamery Panasonic (HD, 4K).<\/p>\n","protected":false},"author":1,"featured_media":0,"parent":0,"menu_order":0,"comment_status":"closed","ping_status":"closed","template":"","meta":{"footnotes":""},"class_list":["post-290","page","type-page","status-publish","hentry"],"_links":{"self":[{"href":"http:\/\/highlevelpictures.com\/index.php\/wp-json\/wp\/v2\/pages\/290","targetHints":{"allow":["GET"]}}],"collection":[{"href":"http:\/\/highlevelpictures.com\/index.php\/wp-json\/wp\/v2\/pages"}],"about":[{"href":"http:\/\/highlevelpictures.com\/index.php\/wp-json\/wp\/v2\/types\/page"}],"author":[{"embeddable":true,"href":"http:\/\/highlevelpictures.com\/index.php\/wp-json\/wp\/v2\/users\/1"}],"replies":[{"embeddable":true,"href":"http:\/\/highlevelpictures.com\/index.php\/wp-json\/wp\/v2\/comments?post=290"}],"version-history":[{"count":7,"href":"http:\/\/highlevelpictures.com\/index.php\/wp-json\/wp\/v2\/pages\/290\/revisions"}],"predecessor-version":[{"id":327,"href":"http:\/\/highlevelpictures.com\/index.php\/wp-json\/wp\/v2\/pages\/290\/revisions\/327"}],"wp:attachment":[{"href":"http:\/\/highlevelpictures.com\/index.php\/wp-json\/wp\/v2\/media?parent=290"}],"curies":[{"name":"wp","href":"https:\/\/api.w.org\/{rel}","templated":true}]}}