{"id":66,"date":"2023-08-07T11:17:54","date_gmt":"2023-08-07T09:17:54","guid":{"rendered":"http:\/\/highlevelpictures.com\/?page_id=66"},"modified":"2023-08-15T11:43:07","modified_gmt":"2023-08-15T09:43:07","slug":"postprodukce","status":"publish","type":"page","link":"http:\/\/highlevelpictures.com\/index.php\/postprodukce\/","title":{"rendered":"Postprodukce"},"content":{"rendered":"\n<div class=\"wp-block-media-text is-stacked-on-mobile\"><figure class=\"wp-block-media-text__media\"><img loading=\"lazy\" decoding=\"async\" width=\"1024\" height=\"1024\" src=\"http:\/\/highlevelpictures.com\/wp-content\/uploads\/2023\/08\/young-freelancer-editing-footage-software-working-edit-video-montage-with-color-grading-audio-effects-sound-film-production-content-making-creative-movie-computer-1024x1024.png\" alt=\"\" class=\"wp-image-300 size-full\" srcset=\"http:\/\/highlevelpictures.com\/wp-content\/uploads\/2023\/08\/young-freelancer-editing-footage-software-working-edit-video-montage-with-color-grading-audio-effects-sound-film-production-content-making-creative-movie-computer-1024x1024.png 1024w, http:\/\/highlevelpictures.com\/wp-content\/uploads\/2023\/08\/young-freelancer-editing-footage-software-working-edit-video-montage-with-color-grading-audio-effects-sound-film-production-content-making-creative-movie-computer-300x300.png 300w, http:\/\/highlevelpictures.com\/wp-content\/uploads\/2023\/08\/young-freelancer-editing-footage-software-working-edit-video-montage-with-color-grading-audio-effects-sound-film-production-content-making-creative-movie-computer-150x150.png 150w, http:\/\/highlevelpictures.com\/wp-content\/uploads\/2023\/08\/young-freelancer-editing-footage-software-working-edit-video-montage-with-color-grading-audio-effects-sound-film-production-content-making-creative-movie-computer-768x768.png 768w, http:\/\/highlevelpictures.com\/wp-content\/uploads\/2023\/08\/young-freelancer-editing-footage-software-working-edit-video-montage-with-color-grading-audio-effects-sound-film-production-content-making-creative-movie-computer-100x100.png 100w\" sizes=\"auto, (max-width: 706px) 89vw, (max-width: 767px) 82vw, 740px\" \/><\/figure><div class=\"wp-block-media-text__content\">\n<p>Jsme pln\u011b vybaveni pro st\u0159ih a grading televizn\u00edch po\u0159ad\u016f ve full HD, UHD, 4K, 8K i dal\u0161\u00edch nestandardn\u00edch form\u00e1t\u016f. zpracov\u00e1v\u00e1me materi\u00e1l ur\u010den\u00fd jak pro televizn\u00ed vys\u00edl\u00e1n\u00ed, tak pro online, ale i celove\u010dern\u00ed filmy. Krom\u011b b\u011b\u017en\u00e9ho masteringu TV a online form\u00e1t\u016f vyr\u00e1b\u00edme i DCP mastery pro kina. Pracujeme p\u0159ev\u00e1\u017en\u011b v syst\u00e9mech Canopus Edius a DaVinci. <\/p>\n<\/div><\/div>\n\n\n\n<div class=\"wp-block-buttons is-content-justification-right is-layout-flex wp-container-core-buttons-is-layout-765c4724 wp-block-buttons-is-layout-flex\">\n<div class=\"wp-block-button\"><a class=\"wp-block-button__link wp-element-button\" href=\"http:\/\/highlevelpictures.com\/index.php\/kontakty\/\">Kontaktujte n\u00e1s<\/a><\/div>\n<\/div>\n","protected":false},"excerpt":{"rendered":"<p>Jsme pln\u011b vybaveni pro st\u0159ih a grading televizn\u00edch po\u0159ad\u016f ve full HD, UHD, 4K, 8K i dal\u0161\u00edch nestandardn\u00edch form\u00e1t\u016f. zpracov\u00e1v\u00e1me materi\u00e1l ur\u010den\u00fd jak pro televizn\u00ed vys\u00edl\u00e1n\u00ed, tak pro online, ale i celove\u010dern\u00ed filmy. Krom\u011b b\u011b\u017en\u00e9ho masteringu TV a online form\u00e1t\u016f vyr\u00e1b\u00edme i DCP mastery pro kina. Pracujeme p\u0159ev\u00e1\u017en\u011b v syst\u00e9mech Canopus Edius a DaVinci.<\/p>\n","protected":false},"author":1,"featured_media":0,"parent":0,"menu_order":0,"comment_status":"closed","ping_status":"closed","template":"","meta":{"footnotes":""},"class_list":["post-66","page","type-page","status-publish","hentry"],"_links":{"self":[{"href":"http:\/\/highlevelpictures.com\/index.php\/wp-json\/wp\/v2\/pages\/66","targetHints":{"allow":["GET"]}}],"collection":[{"href":"http:\/\/highlevelpictures.com\/index.php\/wp-json\/wp\/v2\/pages"}],"about":[{"href":"http:\/\/highlevelpictures.com\/index.php\/wp-json\/wp\/v2\/types\/page"}],"author":[{"embeddable":true,"href":"http:\/\/highlevelpictures.com\/index.php\/wp-json\/wp\/v2\/users\/1"}],"replies":[{"embeddable":true,"href":"http:\/\/highlevelpictures.com\/index.php\/wp-json\/wp\/v2\/comments?post=66"}],"version-history":[{"count":4,"href":"http:\/\/highlevelpictures.com\/index.php\/wp-json\/wp\/v2\/pages\/66\/revisions"}],"predecessor-version":[{"id":301,"href":"http:\/\/highlevelpictures.com\/index.php\/wp-json\/wp\/v2\/pages\/66\/revisions\/301"}],"wp:attachment":[{"href":"http:\/\/highlevelpictures.com\/index.php\/wp-json\/wp\/v2\/media?parent=66"}],"curies":[{"name":"wp","href":"https:\/\/api.w.org\/{rel}","templated":true}]}}