{"id":67,"date":"2023-08-07T11:17:54","date_gmt":"2023-08-07T09:17:54","guid":{"rendered":"http:\/\/highlevelpictures.com\/?page_id=67"},"modified":"2023-08-15T12:40:49","modified_gmt":"2023-08-15T10:40:49","slug":"prenosy","status":"publish","type":"page","link":"http:\/\/highlevelpictures.com\/index.php\/prenosy\/","title":{"rendered":"TV P\u0159enosy"},"content":{"rendered":"\n<div class=\"wp-block-media-text is-stacked-on-mobile\"><figure class=\"wp-block-media-text__media\"><img loading=\"lazy\" decoding=\"async\" width=\"1024\" height=\"1024\" src=\"http:\/\/highlevelpictures.com\/wp-content\/uploads\/2023\/08\/video-camera-recording-football-match-1024x1024.jpg\" alt=\"\" class=\"wp-image-304 size-full\" srcset=\"http:\/\/highlevelpictures.com\/wp-content\/uploads\/2023\/08\/video-camera-recording-football-match-1024x1024.jpg 1024w, http:\/\/highlevelpictures.com\/wp-content\/uploads\/2023\/08\/video-camera-recording-football-match-300x300.jpg 300w, http:\/\/highlevelpictures.com\/wp-content\/uploads\/2023\/08\/video-camera-recording-football-match-150x150.jpg 150w, http:\/\/highlevelpictures.com\/wp-content\/uploads\/2023\/08\/video-camera-recording-football-match-768x768.jpg 768w, http:\/\/highlevelpictures.com\/wp-content\/uploads\/2023\/08\/video-camera-recording-football-match-100x100.jpg 100w\" sizes=\"auto, (max-width: 706px) 89vw, (max-width: 767px) 82vw, 740px\" \/><\/figure><div class=\"wp-block-media-text__content\">\n<p>Realizujeme multikamerov\u00e9 televizn\u00ed p\u0159enosy v HD nebo 4K (UHD) a to jak s mo\u017enost\u00ed p\u0159ed\u00e1vky \u017eiv\u00e9ho sign\u00e1lu do tv vys\u00edl\u00e1n\u00ed, nebo streamov\u00e1n\u00ed na internet a nebo do z\u00e1znamu. Ka\u017ed\u00fd klient m\u00e1 jin\u00e9 po\u017eadavky a priority a nap\u0159\u00edklad u p\u0159enosu tzv. na z\u00e1znam lze pak je\u0161t\u011b v\u00fdsledn\u00e9 d\u00edlo upravovat, vyla\u010fovat a nap\u0159\u00edklad graficky obohatit tak aby odpov\u00eddalo p\u0159esn\u011b po\u017eadavk\u016fm a pot\u0159eb\u00e1m klienta. P\u0159enosy realizujeme v\u011bt\u0161inou 6 kamerov\u00fdm \u0159et\u011bzcem nebo s men\u0161\u00edm <\/p>\n<\/div><\/div>\n\n\n\n<p>po\u010dtem kamer dle pot\u0159eb a po\u017eadavk\u016f klienta. \u010castou aplikac\u00ed p\u0159enosov\u00e9ho form\u00e1tu nat\u00e1\u010den\u00ed jsou pak \u017eiv\u00e9 p\u0159ed\u00e1vky sign\u00e1lu, nap\u0159\u00edklad na LED zobrazova\u010de na r\u016fzn\u00fdch hudebn\u00edch eventech, festivalech apod. Multikamerov\u00e9 nat\u00e1\u010den\u00ed, a\u0165 u\u017e s p\u0159enosov\u00fdm vozem nebo bez se pak tak\u00e9 \u010dasto uplat\u0148uje p\u0159i nat\u00e1\u010den\u00ed r\u016fzn\u00fdch konferenc\u00edch debat a spole\u010densk\u00fdch ud\u00e1lost\u00ed r\u016fzn\u00e9ho charakteru.<\/p>\n\n\n\n<div class=\"wp-block-buttons is-content-justification-right is-layout-flex wp-container-core-buttons-is-layout-765c4724 wp-block-buttons-is-layout-flex\">\n<div class=\"wp-block-button\"><a class=\"wp-block-button__link wp-element-button\" href=\"http:\/\/highlevelpictures.com\/index.php\/kontakty\/\">Kontaktujte n\u00e1s<\/a><\/div>\n<\/div>\n","protected":false},"excerpt":{"rendered":"<p>Realizujeme multikamerov\u00e9 televizn\u00ed p\u0159enosy v HD nebo 4K (UHD) a to jak s mo\u017enost\u00ed p\u0159ed\u00e1vky \u017eiv\u00e9ho sign\u00e1lu do tv vys\u00edl\u00e1n\u00ed, nebo streamov\u00e1n\u00ed na internet a nebo do z\u00e1znamu. Ka\u017ed\u00fd klient m\u00e1 jin\u00e9 po\u017eadavky a priority a nap\u0159\u00edklad u p\u0159enosu tzv. na z\u00e1znam lze pak je\u0161t\u011b v\u00fdsledn\u00e9 d\u00edlo upravovat, vyla\u010fovat a nap\u0159\u00edklad graficky obohatit tak aby &hellip; <\/p>\n<p class=\"link-more\"><a href=\"http:\/\/highlevelpictures.com\/index.php\/prenosy\/\" class=\"more-link\">Pokra\u010dovat ve \u010dten\u00ed<span class=\"screen-reader-text\"> &#8222;TV P\u0159enosy&#8220;<\/span><\/a><\/p>\n","protected":false},"author":1,"featured_media":0,"parent":0,"menu_order":0,"comment_status":"closed","ping_status":"closed","template":"","meta":{"footnotes":""},"class_list":["post-67","page","type-page","status-publish","hentry"],"_links":{"self":[{"href":"http:\/\/highlevelpictures.com\/index.php\/wp-json\/wp\/v2\/pages\/67","targetHints":{"allow":["GET"]}}],"collection":[{"href":"http:\/\/highlevelpictures.com\/index.php\/wp-json\/wp\/v2\/pages"}],"about":[{"href":"http:\/\/highlevelpictures.com\/index.php\/wp-json\/wp\/v2\/types\/page"}],"author":[{"embeddable":true,"href":"http:\/\/highlevelpictures.com\/index.php\/wp-json\/wp\/v2\/users\/1"}],"replies":[{"embeddable":true,"href":"http:\/\/highlevelpictures.com\/index.php\/wp-json\/wp\/v2\/comments?post=67"}],"version-history":[{"count":6,"href":"http:\/\/highlevelpictures.com\/index.php\/wp-json\/wp\/v2\/pages\/67\/revisions"}],"predecessor-version":[{"id":316,"href":"http:\/\/highlevelpictures.com\/index.php\/wp-json\/wp\/v2\/pages\/67\/revisions\/316"}],"wp:attachment":[{"href":"http:\/\/highlevelpictures.com\/index.php\/wp-json\/wp\/v2\/media?parent=67"}],"curies":[{"name":"wp","href":"https:\/\/api.w.org\/{rel}","templated":true}]}}