{"id":68,"date":"2023-08-07T11:17:54","date_gmt":"2023-08-07T09:17:54","guid":{"rendered":"http:\/\/highlevelpictures.com\/?page_id=68"},"modified":"2023-08-15T12:36:44","modified_gmt":"2023-08-15T10:36:44","slug":"dabing","status":"publish","type":"page","link":"http:\/\/highlevelpictures.com\/index.php\/dabing\/","title":{"rendered":"Dabing"},"content":{"rendered":"\n<div class=\"wp-block-media-text is-stacked-on-mobile\"><figure class=\"wp-block-media-text__media\"><img loading=\"lazy\" decoding=\"async\" width=\"1024\" height=\"1024\" src=\"http:\/\/highlevelpictures.com\/wp-content\/uploads\/2023\/08\/recording-technology-podcast-microphone-livestream-used-record-content-discussion-internet-channel-stream-sound-production-station-creative-onlien-broadcast-close-up-1024x1024.jpg\" alt=\"\" class=\"wp-image-294 size-full\" srcset=\"http:\/\/highlevelpictures.com\/wp-content\/uploads\/2023\/08\/recording-technology-podcast-microphone-livestream-used-record-content-discussion-internet-channel-stream-sound-production-station-creative-onlien-broadcast-close-up-1024x1024.jpg 1024w, http:\/\/highlevelpictures.com\/wp-content\/uploads\/2023\/08\/recording-technology-podcast-microphone-livestream-used-record-content-discussion-internet-channel-stream-sound-production-station-creative-onlien-broadcast-close-up-300x300.jpg 300w, http:\/\/highlevelpictures.com\/wp-content\/uploads\/2023\/08\/recording-technology-podcast-microphone-livestream-used-record-content-discussion-internet-channel-stream-sound-production-station-creative-onlien-broadcast-close-up-150x150.jpg 150w, http:\/\/highlevelpictures.com\/wp-content\/uploads\/2023\/08\/recording-technology-podcast-microphone-livestream-used-record-content-discussion-internet-channel-stream-sound-production-station-creative-onlien-broadcast-close-up-768x768.jpg 768w, http:\/\/highlevelpictures.com\/wp-content\/uploads\/2023\/08\/recording-technology-podcast-microphone-livestream-used-record-content-discussion-internet-channel-stream-sound-production-station-creative-onlien-broadcast-close-up-100x100.jpg 100w\" sizes=\"auto, (max-width: 706px) 89vw, (max-width: 767px) 82vw, 740px\" \/><\/figure><div class=\"wp-block-media-text__content\">\n<p>Nab\u00edz\u00edme rovn\u011b\u017e slu\u017eby v oblasti dabingu a jazykov\u00e9 lokalizace audiovizu\u00e1ln\u00edho obsahu obecn\u011b. M\u00e1me zku\u0161enosti zejm\u00e9na s dabingem rozs\u00e1hl\u00fdch dokument\u00e1rn\u00edch s\u00e9ri\u00ed, samostatn\u00fdch dokument\u00e1rn\u00edch film\u016f a propaga\u010dn\u00edch a instrukt\u00e1\u017en\u00edch po\u0159ad\u016f, ale rovn\u011b\u017e i hran\u00fdch film\u016f a seri\u00e1l\u016f. V na\u0161em zvukov\u00e9m studiu tak\u00e9 nahr\u00e1v\u00e1me Voice over podklady pro audio viziu\u00e1ln\u00ed podklady, r\u00e1diospoty a jin\u00e9 audio form\u00e1ty, jako nap\u0159\u00edklad audioknihy.<\/p>\n<\/div><\/div>\n\n\n\n<div class=\"wp-block-buttons is-content-justification-right is-layout-flex wp-container-core-buttons-is-layout-765c4724 wp-block-buttons-is-layout-flex\">\n<div class=\"wp-block-button\"><a class=\"wp-block-button__link wp-element-button\" href=\"http:\/\/highlevelpictures.com\/index.php\/kontakty\/\">Kontaktujte n\u00e1s<\/a><\/div>\n<\/div>\n","protected":false},"excerpt":{"rendered":"<p>Nab\u00edz\u00edme rovn\u011b\u017e slu\u017eby v oblasti dabingu a jazykov\u00e9 lokalizace audiovizu\u00e1ln\u00edho obsahu obecn\u011b. M\u00e1me zku\u0161enosti zejm\u00e9na s dabingem rozs\u00e1hl\u00fdch dokument\u00e1rn\u00edch s\u00e9ri\u00ed, samostatn\u00fdch dokument\u00e1rn\u00edch film\u016f a propaga\u010dn\u00edch a instrukt\u00e1\u017en\u00edch po\u0159ad\u016f, ale rovn\u011b\u017e i hran\u00fdch film\u016f a seri\u00e1l\u016f. V na\u0161em zvukov\u00e9m studiu tak\u00e9 nahr\u00e1v\u00e1me Voice over podklady pro audio viziu\u00e1ln\u00ed podklady, r\u00e1diospoty a jin\u00e9 audio form\u00e1ty, jako nap\u0159\u00edklad &hellip; <\/p>\n<p class=\"link-more\"><a href=\"http:\/\/highlevelpictures.com\/index.php\/dabing\/\" class=\"more-link\">Pokra\u010dovat ve \u010dten\u00ed<span class=\"screen-reader-text\"> &#8222;Dabing&#8220;<\/span><\/a><\/p>\n","protected":false},"author":1,"featured_media":0,"parent":0,"menu_order":0,"comment_status":"closed","ping_status":"closed","template":"","meta":{"footnotes":""},"class_list":["post-68","page","type-page","status-publish","hentry"],"_links":{"self":[{"href":"http:\/\/highlevelpictures.com\/index.php\/wp-json\/wp\/v2\/pages\/68","targetHints":{"allow":["GET"]}}],"collection":[{"href":"http:\/\/highlevelpictures.com\/index.php\/wp-json\/wp\/v2\/pages"}],"about":[{"href":"http:\/\/highlevelpictures.com\/index.php\/wp-json\/wp\/v2\/types\/page"}],"author":[{"embeddable":true,"href":"http:\/\/highlevelpictures.com\/index.php\/wp-json\/wp\/v2\/users\/1"}],"replies":[{"embeddable":true,"href":"http:\/\/highlevelpictures.com\/index.php\/wp-json\/wp\/v2\/comments?post=68"}],"version-history":[{"count":6,"href":"http:\/\/highlevelpictures.com\/index.php\/wp-json\/wp\/v2\/pages\/68\/revisions"}],"predecessor-version":[{"id":312,"href":"http:\/\/highlevelpictures.com\/index.php\/wp-json\/wp\/v2\/pages\/68\/revisions\/312"}],"wp:attachment":[{"href":"http:\/\/highlevelpictures.com\/index.php\/wp-json\/wp\/v2\/media?parent=68"}],"curies":[{"name":"wp","href":"https:\/\/api.w.org\/{rel}","templated":true}]}}