{"id":69,"date":"2023-08-07T11:17:54","date_gmt":"2023-08-07T09:17:54","guid":{"rendered":"http:\/\/highlevelpictures.com\/?page_id=69"},"modified":"2023-08-15T11:57:38","modified_gmt":"2023-08-15T09:57:38","slug":"nataceni-na-klic","status":"publish","type":"page","link":"http:\/\/highlevelpictures.com\/index.php\/nataceni-na-klic\/","title":{"rendered":"Propaga\u010dn\u00ed filmy, zak\u00e1zkov\u00e1 videa, reklamy"},"content":{"rendered":"\n<div class=\"wp-block-media-text is-stacked-on-mobile\" style=\"grid-template-columns:49% auto\"><figure class=\"wp-block-media-text__media\"><img loading=\"lazy\" decoding=\"async\" width=\"1024\" height=\"1024\" src=\"http:\/\/highlevelpictures.com\/wp-content\/uploads\/2023\/08\/camera-man-shoots-camera-person-with-speaker-1024x1024.jpg\" alt=\"\" class=\"wp-image-305 size-full\" srcset=\"http:\/\/highlevelpictures.com\/wp-content\/uploads\/2023\/08\/camera-man-shoots-camera-person-with-speaker-1024x1024.jpg 1024w, http:\/\/highlevelpictures.com\/wp-content\/uploads\/2023\/08\/camera-man-shoots-camera-person-with-speaker-300x300.jpg 300w, http:\/\/highlevelpictures.com\/wp-content\/uploads\/2023\/08\/camera-man-shoots-camera-person-with-speaker-150x150.jpg 150w, http:\/\/highlevelpictures.com\/wp-content\/uploads\/2023\/08\/camera-man-shoots-camera-person-with-speaker-768x768.jpg 768w, http:\/\/highlevelpictures.com\/wp-content\/uploads\/2023\/08\/camera-man-shoots-camera-person-with-speaker-100x100.jpg 100w\" sizes=\"auto, (max-width: 706px) 89vw, (max-width: 767px) 82vw, 740px\" \/><\/figure><div class=\"wp-block-media-text__content\">\n<p>Nab\u00edz\u00edme \u0161irok\u00e9 spektrum zak\u00e1zkov\u00e9 v\u00fdroby audiovizu\u00e1ln\u00edho obsahu, a\u0165 u\u017e pro jednotlivce, spole\u010dnosti nebo nap\u0159\u00edklad i m\u011bsta a obce. Z\u00e1kazn\u00edci \u010dato \u0159e\u0161\u00ed \u0161irokospektr\u00e1ln\u00ed pot\u0159eby videoobsahu pro propagaci sv\u00e9ho zbo\u017e\u00ed a slu\u017eeb. V dne\u0161n\u00ed dob\u011b je pak zcela b\u011b\u017en\u00e9, \u017ee se krom\u011b standardn\u00edch TV \/ YouTube form\u00e1tu vyr\u00e1b\u011bj\u00ed i deriv\u00e1ty pro soci\u00e1ln\u00ed s\u00edt\u011b a to v r\u016fzn\u00fdch form\u00e1tech a rozli\u0161en\u00edch. V p\u0159\u00edpad\u011b z\u00e1jmu klienta jsem schopni zabezpe\u010dit aktivn\u00ed spr\u00e1vu soc. s\u00edt\u00ed. <\/p>\n<\/div><\/div>\n\n\n\n<div class=\"wp-block-buttons is-content-justification-right is-layout-flex wp-container-core-buttons-is-layout-255577d1 wp-block-buttons-is-layout-flex\">\n<div class=\"wp-block-button\"><a class=\"wp-block-button__link wp-element-button\" href=\"http:\/\/highlevelpictures.com\/index.php\/kontakty\/\">Kontaktujte n\u00e1s<\/a><\/div>\n<\/div>\n","protected":false},"excerpt":{"rendered":"<p>Nab\u00edz\u00edme \u0161irok\u00e9 spektrum zak\u00e1zkov\u00e9 v\u00fdroby audiovizu\u00e1ln\u00edho obsahu, a\u0165 u\u017e pro jednotlivce, spole\u010dnosti nebo nap\u0159\u00edklad i m\u011bsta a obce. Z\u00e1kazn\u00edci \u010dato \u0159e\u0161\u00ed \u0161irokospektr\u00e1ln\u00ed pot\u0159eby videoobsahu pro propagaci sv\u00e9ho zbo\u017e\u00ed a slu\u017eeb. V dne\u0161n\u00ed dob\u011b je pak zcela b\u011b\u017en\u00e9, \u017ee se krom\u011b standardn\u00edch TV \/ YouTube form\u00e1tu vyr\u00e1b\u011bj\u00ed i deriv\u00e1ty pro soci\u00e1ln\u00ed s\u00edt\u011b a to v r\u016fzn\u00fdch &hellip; <\/p>\n<p class=\"link-more\"><a href=\"http:\/\/highlevelpictures.com\/index.php\/nataceni-na-klic\/\" class=\"more-link\">Pokra\u010dovat ve \u010dten\u00ed<span class=\"screen-reader-text\"> &#8222;Propaga\u010dn\u00ed filmy, zak\u00e1zkov\u00e1 videa, reklamy&#8220;<\/span><\/a><\/p>\n","protected":false},"author":1,"featured_media":0,"parent":0,"menu_order":0,"comment_status":"closed","ping_status":"closed","template":"","meta":{"footnotes":""},"class_list":["post-69","page","type-page","status-publish","hentry"],"_links":{"self":[{"href":"http:\/\/highlevelpictures.com\/index.php\/wp-json\/wp\/v2\/pages\/69","targetHints":{"allow":["GET"]}}],"collection":[{"href":"http:\/\/highlevelpictures.com\/index.php\/wp-json\/wp\/v2\/pages"}],"about":[{"href":"http:\/\/highlevelpictures.com\/index.php\/wp-json\/wp\/v2\/types\/page"}],"author":[{"embeddable":true,"href":"http:\/\/highlevelpictures.com\/index.php\/wp-json\/wp\/v2\/users\/1"}],"replies":[{"embeddable":true,"href":"http:\/\/highlevelpictures.com\/index.php\/wp-json\/wp\/v2\/comments?post=69"}],"version-history":[{"count":4,"href":"http:\/\/highlevelpictures.com\/index.php\/wp-json\/wp\/v2\/pages\/69\/revisions"}],"predecessor-version":[{"id":306,"href":"http:\/\/highlevelpictures.com\/index.php\/wp-json\/wp\/v2\/pages\/69\/revisions\/306"}],"wp:attachment":[{"href":"http:\/\/highlevelpictures.com\/index.php\/wp-json\/wp\/v2\/media?parent=69"}],"curies":[{"name":"wp","href":"https:\/\/api.w.org\/{rel}","templated":true}]}}